{"id":3,"date":"2023-04-06T09:46:29","date_gmt":"2023-04-06T07:46:29","guid":{"rendered":"http:\/\/marine-graphiste.com\/?page_id=3"},"modified":"2023-04-19T11:59:52","modified_gmt":"2023-04-19T09:59:52","slug":"politique-de-confidentialite","status":"publish","type":"page","link":"https:\/\/marine-graphiste.com\/?page_id=3","title":{"rendered":"Politique de confidentialit\u00e9"},"content":{"rendered":"<p>[et_pb_section fb_built=\u00a0\u00bb1&Prime; _builder_version=\u00a0\u00bb4.16&Prime; global_colors_info=\u00a0\u00bb{}\u00a0\u00bb][et_pb_row _builder_version=\u00a0\u00bb4.16&Prime; background_size=\u00a0\u00bbinitial\u00a0\u00bb background_position=\u00a0\u00bbtop_left\u00a0\u00bb background_repeat=\u00a0\u00bbrepeat\u00a0\u00bb global_colors_info=\u00a0\u00bb{}\u00a0\u00bb custom_margin=\u00a0\u00bb|auto|92px|auto||\u00a0\u00bb][et_pb_column type=\u00a0\u00bb4_4&Prime; _builder_version=\u00a0\u00bb4.16&Prime; custom_padding=\u00a0\u00bb|||\u00a0\u00bb global_colors_info=\u00a0\u00bb{}\u00a0\u00bb custom_padding__hover=\u00a0\u00bb|||\u00a0\u00bb][et_pb_text _builder_version=\u00a0\u00bb4.16&Prime; background_size=\u00a0\u00bbinitial\u00a0\u00bb background_position=\u00a0\u00bbtop_left\u00a0\u00bb background_repeat=\u00a0\u00bbrepeat\u00a0\u00bb global_colors_info=\u00a0\u00bb{}\u00a0\u00bb]<!-- divi:paragraph --><\/p>\n<p><strong>Qui suis-je&nbsp;?<\/strong><\/p>\n<p><!-- \/divi:paragraph --><\/p>\n<p><!-- divi:paragraph --><\/p>\n<p>L\u2019adresse du site Web est : http:\/\/www.marine-graphiste.com<\/p>\n<p><!-- \/divi:paragraph --><\/p>\n<p><!-- divi:paragraph --><\/p>\n<p>Marine Lahogue<br \/>1 bis, rue des B\u00e9n\u00e9dictins<br \/>35500 Vitr\u00e9<\/p>\n<p><!-- \/divi:paragraph --><\/p>\n<p><!-- divi:paragraph --><\/p>\n<p>06 14 93 00 58<\/p>\n<p><!-- \/divi:paragraph --><\/p>\n<p><!-- divi:paragraph --><\/p>\n<p>marine.lahogue@gmail.com<\/p>\n<p><!-- \/divi:paragraph --><\/p>\n<p><!-- divi:paragraph --><\/p>\n<p>Siret : 505 230 664 00037<\/p>\n<p><!-- \/divi:paragraph --><\/p>\n<p><!-- divi:paragraph --><\/p>\n<p>H\u00e9bergement :<br \/>Trust Telecom SARL<br \/>194 Av. du Camp de Menthe, 13090 Aix-en-Provence<\/p>\n<p><!-- \/divi:paragraph --><\/p>\n<p><!-- divi:paragraph --><\/p>\n<p><strong>Utilisation des donn\u00e9es personnelles collect\u00e9es<\/strong><\/p>\n<p><!-- \/divi:paragraph --><\/p>\n<p><!-- divi:paragraph --><\/p>\n<p><strong>Formulaires de contact<\/strong><\/p>\n<p><!-- \/divi:paragraph --><\/p>\n<p><!-- divi:paragraph --><\/p>\n<p>J\u2019utilise les informations transmises pour r\u00e9pondre \u00e0 votre demande. Ces informations ne seront pas conserv\u00e9es au del\u00e0 de 12 mois.<\/p>\n<p><!-- \/divi:paragraph --><\/p>\n<p><!-- divi:paragraph --><\/p>\n<p><strong>Cookies<\/strong><\/p>\n<p><!-- \/divi:paragraph --><\/p>\n<p><!-- divi:paragraph --><\/p>\n<p>Si vous d\u00e9posez un commentaire sur notre site, il vous sera propos\u00e9 d\u2019enregistrer votre nom, adresse de messagerie et site web dans des cookies. C\u2019est uniquement pour votre confort afin de ne pas avoir \u00e0 saisir ces informations si vous d\u00e9posez un autre commentaire plus tard. Ces cookies expirent au bout d\u2019un an.<\/p>\n<p><!-- \/divi:paragraph --><\/p>\n<p><!-- divi:paragraph --><\/p>\n<p>Si vous vous rendez sur la page de connexion, un cookie temporaire sera cr\u00e9\u00e9 afin de d\u00e9terminer si votre navigateur accepte les cookies. Il ne contient pas de donn\u00e9es personnelles et sera supprim\u00e9 automatiquement \u00e0 la fermeture de votre navigateur.<\/p>\n<p><!-- \/divi:paragraph --><\/p>\n<p><!-- divi:paragraph --><\/p>\n<p>Lorsque vous vous connecterez, nous mettrons en place un certain nombre de cookies pour enregistrer vos informations de connexion et vos pr\u00e9f\u00e9rences d\u2019\u00e9cran. La dur\u00e9e de vie d\u2019un cookie de connexion est de deux jours, celle d\u2019un cookie d\u2019option d\u2019\u00e9cran est d\u2019un an. Si vous cochez \u00ab&nbsp;Se souvenir de moi&nbsp;\u00bb, votre cookie de connexion sera conserv\u00e9 pendant deux semaines. Si vous vous d\u00e9connectez de votre compte, le cookie de connexion sera effac\u00e9.<\/p>\n<p><!-- \/divi:paragraph --><\/p>\n<p><!-- divi:paragraph --><\/p>\n<p>En modifiant ou en publiant une publication, un cookie suppl\u00e9mentaire sera enregistr\u00e9 dans votre navigateur. Ce cookie ne comprend aucune donn\u00e9e personnelle. Il indique simplement l\u2019ID de la publication que vous venez de modifier. Il expire au bout d\u2019un jour.<\/p>\n<p><!-- \/divi:paragraph --><\/p>\n<p><!-- divi:paragraph --><\/p>\n<p><strong>Contenu embarqu\u00e9 depuis d\u2019autres sites<\/strong><\/p>\n<p><!-- \/divi:paragraph --><\/p>\n<p><!-- divi:paragraph --><\/p>\n<p>Les articles de ce site peuvent inclure des contenus int\u00e9gr\u00e9s (par exemple des vid\u00e9os, images, articles\u2026). Le contenu int\u00e9gr\u00e9 depuis d\u2019autres sites se comporte de la m\u00eame mani\u00e8re que si le visiteur se rendait sur cet autre site.<\/p>\n<p><!-- \/divi:paragraph --><\/p>\n<p><!-- divi:paragraph --><\/p>\n<p>Ces sites web pourraient collecter des donn\u00e9es sur vous, utiliser des cookies, embarquer des outils de suivis tiers, suivre vos interactions avec ces contenus embarqu\u00e9s si vous disposez d\u2019un compte connect\u00e9 sur leur site web.<\/p>\n<p><!-- \/divi:paragraph --><\/p>\n<p><!-- divi:paragraph --><\/p>\n<p><strong>Les droits que vous avez sur vos donn\u00e9es<\/strong><\/p>\n<p><!-- \/divi:paragraph --><\/p>\n<p><!-- divi:paragraph --><\/p>\n<p>Vous pouvez demander \u00e0 recevoir un fichier contenant toutes les donn\u00e9es personnelles que nous poss\u00e9dons \u00e0 votre sujet, incluant celles que vous nous avez fournies. Vous pouvez \u00e9galement demander la suppression des donn\u00e9es personnelles vous concernant. Cela ne prend pas en compte les donn\u00e9es stock\u00e9es \u00e0 des fins administratives, l\u00e9gales ou pour des raisons de s\u00e9curit\u00e9.<\/p>\n<p><!-- \/divi:paragraph --><\/p>\n<p><!-- divi:paragraph --><\/p>\n<p><strong>Copyright et propri\u00e9t\u00e9 intellectuelle<\/strong><\/p>\n<p><!-- \/divi:paragraph --><\/p>\n<p><!-- divi:paragraph --><\/p>\n<p>L\u2019ensemble des \u00e9l\u00e9ments figurant sur le site www.marine-graphiste.com sont prot\u00e9g\u00e9s par les dispositions du Code de la Propri\u00e9t\u00e9 Intellectuelle. En cons\u00e9quence, toute reproduction, collecte et utilisation \u00e0 des fins commerciales de ceux-ci, totale ou partielle, ainsi que toute imitation, sans l\u2019accord expr\u00e8s, pr\u00e9alable et \u00e9crit, de Marine Lahogue est interdite<\/p>\n<p><!-- \/divi:paragraph --><\/p>\n<p><!-- divi:paragraph --><\/p>\n<p>Cette interdiction s\u2019\u00e9tend notamment \u00e0 tout \u00e9l\u00e9ment r\u00e9dactionnel figurant sur le site, aux logos, images, photos, cette liste n\u2019\u00e9tant pas limitative.<\/p>\n<p><!-- \/divi:paragraph --><\/p>\n<p><!-- divi:paragraph --><\/p>\n<p><strong>Consentement<\/strong><\/p>\n<p><!-- \/divi:paragraph --><\/p>\n<p><!-- divi:paragraph --><\/p>\n<p>En utilisant mon site, vous consentez \u00e0 ma politique de confidentialit\u00e9.<\/p>\n<p><!-- \/divi:paragraph -->[\/et_pb_text][\/et_pb_column][\/et_pb_row][\/et_pb_section]<\/p>\n","protected":false},"excerpt":{"rendered":"<p>Qui suis-je&nbsp;? L\u2019adresse du site Web est : http:\/\/www.marine-graphiste.com Marine Lahogue1 bis, rue des B\u00e9n\u00e9dictins35500 Vitr\u00e9 06 14 93 00 58 marine.lahogue@gmail.com Siret : 505 230 664 00037 H\u00e9bergement :Trust Telecom SARL194 Av. du Camp de Menthe, 13090 Aix-en-Provence Utilisation des donn\u00e9es personnelles collect\u00e9es Formulaires de contact J\u2019utilise les informations transmises pour r\u00e9pondre \u00e0 votre [&hellip;]<\/p>\n","protected":false},"author":1,"featured_media":0,"parent":0,"menu_order":0,"comment_status":"closed","ping_status":"open","template":"","meta":{"_et_pb_use_builder":"on","_et_pb_old_content":"<!-- wp:paragraph -->\n<p><strong>Qui suis-je&nbsp;?<\/strong><\/p>\n<!-- \/wp:paragraph -->\n\n<!-- wp:paragraph -->\n<p>L\u2019adresse du site Web est : http:\/\/www.marine-graphiste.com<\/p>\n<!-- \/wp:paragraph -->\n\n<!-- wp:paragraph -->\n<p>Marine Lahogue<br>1 bis, rue des B\u00e9n\u00e9dictins<br>35500 Vitr\u00e9<\/p>\n<!-- \/wp:paragraph -->\n\n<!-- wp:paragraph -->\n<p>06 14 93 00 58<\/p>\n<!-- \/wp:paragraph -->\n\n<!-- wp:paragraph -->\n<p>marine.lahogue@gmail.com<\/p>\n<!-- \/wp:paragraph -->\n\n<!-- wp:paragraph -->\n<p>Siret : 505 230 664 00037<\/p>\n<!-- \/wp:paragraph -->\n\n<!-- wp:paragraph -->\n<p>H\u00e9bergement :<br>Trust Telecom SARL<br>194 Av. du Camp de Menthe, 13090 Aix-en-Provence<\/p>\n<!-- \/wp:paragraph -->\n\n<!-- wp:paragraph -->\n<p><strong>Utilisation des donn\u00e9es personnelles collect\u00e9es<\/strong><\/p>\n<!-- \/wp:paragraph -->\n\n<!-- wp:paragraph -->\n<p><strong>Formulaires de contact<\/strong><\/p>\n<!-- \/wp:paragraph -->\n\n<!-- wp:paragraph -->\n<p>J\u2019utilise les informations transmises pour r\u00e9pondre \u00e0 votre demande. Ces informations ne seront pas conserv\u00e9es au del\u00e0 de 12 mois.<\/p>\n<!-- \/wp:paragraph -->\n\n<!-- wp:paragraph -->\n<p><strong>Cookies<\/strong><\/p>\n<!-- \/wp:paragraph -->\n\n<!-- wp:paragraph -->\n<p>Si vous d\u00e9posez un commentaire sur notre site, il vous sera propos\u00e9 d\u2019enregistrer votre nom, adresse de messagerie et site web dans des cookies. C\u2019est uniquement pour votre confort afin de ne pas avoir \u00e0 saisir ces informations si vous d\u00e9posez un autre commentaire plus tard. Ces cookies expirent au bout d\u2019un an.<\/p>\n<!-- \/wp:paragraph -->\n\n<!-- wp:paragraph -->\n<p>Si vous vous rendez sur la page de connexion, un cookie temporaire sera cr\u00e9\u00e9 afin de d\u00e9terminer si votre navigateur accepte les cookies. Il ne contient pas de donn\u00e9es personnelles et sera supprim\u00e9 automatiquement \u00e0 la fermeture de votre navigateur.<\/p>\n<!-- \/wp:paragraph -->\n\n<!-- wp:paragraph -->\n<p>Lorsque vous vous connecterez, nous mettrons en place un certain nombre de cookies pour enregistrer vos informations de connexion et vos pr\u00e9f\u00e9rences d\u2019\u00e9cran. La dur\u00e9e de vie d\u2019un cookie de connexion est de deux jours, celle d\u2019un cookie d\u2019option d\u2019\u00e9cran est d\u2019un an. Si vous cochez \u00ab&nbsp;Se souvenir de moi&nbsp;\u00bb, votre cookie de connexion sera conserv\u00e9 pendant deux semaines. Si vous vous d\u00e9connectez de votre compte, le cookie de connexion sera effac\u00e9.<\/p>\n<!-- \/wp:paragraph -->\n\n<!-- wp:paragraph -->\n<p>En modifiant ou en publiant une publication, un cookie suppl\u00e9mentaire sera enregistr\u00e9 dans votre navigateur. Ce cookie ne comprend aucune donn\u00e9e personnelle. Il indique simplement l\u2019ID de la publication que vous venez de modifier. Il expire au bout d\u2019un jour.<\/p>\n<!-- \/wp:paragraph -->\n\n<!-- wp:paragraph -->\n<p><strong>Contenu embarqu\u00e9 depuis d\u2019autres sites<\/strong><\/p>\n<!-- \/wp:paragraph -->\n\n<!-- wp:paragraph -->\n<p>Les articles de ce site peuvent inclure des contenus int\u00e9gr\u00e9s (par exemple des vid\u00e9os, images, articles\u2026). Le contenu int\u00e9gr\u00e9 depuis d\u2019autres sites se comporte de la m\u00eame mani\u00e8re que si le visiteur se rendait sur cet autre site.<\/p>\n<!-- \/wp:paragraph -->\n\n<!-- wp:paragraph -->\n<p>Ces sites web pourraient collecter des donn\u00e9es sur vous, utiliser des cookies, embarquer des outils de suivis tiers, suivre vos interactions avec ces contenus embarqu\u00e9s si vous disposez d\u2019un compte connect\u00e9 sur leur site web.<\/p>\n<!-- \/wp:paragraph -->\n\n<!-- wp:paragraph -->\n<p><strong>Les droits que vous avez sur vos donn\u00e9es<\/strong><\/p>\n<!-- \/wp:paragraph -->\n\n<!-- wp:paragraph -->\n<p>Vous pouvez demander \u00e0 recevoir un fichier contenant toutes les donn\u00e9es personnelles que nous poss\u00e9dons \u00e0 votre sujet, incluant celles que vous nous avez fournies. Vous pouvez \u00e9galement demander la suppression des donn\u00e9es personnelles vous concernant. Cela ne prend pas en compte les donn\u00e9es stock\u00e9es \u00e0 des fins administratives, l\u00e9gales ou pour des raisons de s\u00e9curit\u00e9.<\/p>\n<!-- \/wp:paragraph -->\n\n<!-- wp:paragraph -->\n<p><strong>Copyright et propri\u00e9t\u00e9 intellectuelle<\/strong><\/p>\n<!-- \/wp:paragraph -->\n\n<!-- wp:paragraph -->\n<p>L\u2019ensemble des \u00e9l\u00e9ments figurant sur le site www.marine-graphiste.com sont prot\u00e9g\u00e9s par les dispositions du Code de la Propri\u00e9t\u00e9 Intellectuelle. En cons\u00e9quence, toute reproduction, collecte et utilisation \u00e0 des fins commerciales de ceux-ci, totale ou partielle, ainsi que toute imitation, sans l\u2019accord expr\u00e8s, pr\u00e9alable et \u00e9crit, de Marine Lahogue est interdite<\/p>\n<!-- \/wp:paragraph -->\n\n<!-- wp:paragraph -->\n<p>Cette interdiction s\u2019\u00e9tend notamment \u00e0 tout \u00e9l\u00e9ment r\u00e9dactionnel figurant sur le site, aux logos, images, photos, cette liste n\u2019\u00e9tant pas limitative.<\/p>\n<!-- \/wp:paragraph -->\n\n<!-- wp:paragraph -->\n<p><strong>Consentement<\/strong><\/p>\n<!-- \/wp:paragraph -->\n\n<!-- wp:paragraph -->\n<p>En utilisant mon site, vous consentez \u00e0 ma politique de confidentialit\u00e9.<\/p>\n<!-- \/wp:paragraph -->","_et_gb_content_width":""},"yoast_head":"<!-- This site is optimized with the Yoast SEO plugin v20.7 - https:\/\/yoast.com\/wordpress\/plugins\/seo\/ -->\n<title>Politique de confidentialit\u00e9 - marine-graphiste.com<\/title>\n<meta name=\"robots\" content=\"index, follow, max-snippet:-1, max-image-preview:large, max-video-preview:-1\" \/>\n<link rel=\"canonical\" href=\"https:\/\/marine-graphiste.com\/?page_id=3\" \/>\n<meta property=\"og:locale\" content=\"fr_FR\" \/>\n<meta property=\"og:type\" content=\"article\" \/>\n<meta property=\"og:title\" content=\"Politique de confidentialit\u00e9 - marine-graphiste.com\" \/>\n<meta property=\"og:description\" content=\"Qui suis-je&nbsp;? L\u2019adresse du site Web est : http:\/\/www.marine-graphiste.com Marine Lahogue1 bis, rue des B\u00e9n\u00e9dictins35500 Vitr\u00e9 06 14 93 00 58 marine.lahogue@gmail.com Siret : 505 230 664 00037 H\u00e9bergement :Trust Telecom SARL194 Av. du Camp de Menthe, 13090 Aix-en-Provence Utilisation des donn\u00e9es personnelles collect\u00e9es Formulaires de contact J\u2019utilise les informations transmises pour r\u00e9pondre \u00e0 votre [&hellip;]\" \/>\n<meta property=\"og:url\" content=\"https:\/\/marine-graphiste.com\/?page_id=3\" \/>\n<meta property=\"og:site_name\" content=\"marine-graphiste.com\" \/>\n<meta property=\"article:modified_time\" content=\"2023-04-19T09:59:52+00:00\" \/>\n<meta name=\"twitter:card\" content=\"summary_large_image\" \/>\n<meta name=\"twitter:label1\" content=\"Dur\u00e9e de lecture estim\u00e9e\" \/>\n\t<meta name=\"twitter:data1\" content=\"3 minutes\" \/>\n<script type=\"application\/ld+json\" class=\"yoast-schema-graph\">{\"@context\":\"https:\/\/schema.org\",\"@graph\":[{\"@type\":\"WebPage\",\"@id\":\"https:\/\/marine-graphiste.com\/?page_id=3\",\"url\":\"https:\/\/marine-graphiste.com\/?page_id=3\",\"name\":\"Politique de confidentialit\u00e9 - marine-graphiste.com\",\"isPartOf\":{\"@id\":\"https:\/\/marine-graphiste.com\/#website\"},\"datePublished\":\"2023-04-06T07:46:29+00:00\",\"dateModified\":\"2023-04-19T09:59:52+00:00\",\"breadcrumb\":{\"@id\":\"https:\/\/marine-graphiste.com\/?page_id=3#breadcrumb\"},\"inLanguage\":\"fr-FR\",\"potentialAction\":[{\"@type\":\"ReadAction\",\"target\":[\"https:\/\/marine-graphiste.com\/?page_id=3\"]}]},{\"@type\":\"BreadcrumbList\",\"@id\":\"https:\/\/marine-graphiste.com\/?page_id=3#breadcrumb\",\"itemListElement\":[{\"@type\":\"ListItem\",\"position\":1,\"name\":\"Accueil\",\"item\":\"https:\/\/marine-graphiste.com\/\"},{\"@type\":\"ListItem\",\"position\":2,\"name\":\"Politique de confidentialit\u00e9\"}]},{\"@type\":\"WebSite\",\"@id\":\"https:\/\/marine-graphiste.com\/#website\",\"url\":\"https:\/\/marine-graphiste.com\/\",\"name\":\"marine-graphiste.com\",\"description\":\"\",\"potentialAction\":[{\"@type\":\"SearchAction\",\"target\":{\"@type\":\"EntryPoint\",\"urlTemplate\":\"https:\/\/marine-graphiste.com\/?s={search_term_string}\"},\"query-input\":\"required name=search_term_string\"}],\"inLanguage\":\"fr-FR\"}]}<\/script>\n<!-- \/ Yoast SEO plugin. -->","yoast_head_json":{"title":"Politique de confidentialit\u00e9 - marine-graphiste.com","robots":{"index":"index","follow":"follow","max-snippet":"max-snippet:-1","max-image-preview":"max-image-preview:large","max-video-preview":"max-video-preview:-1"},"canonical":"https:\/\/marine-graphiste.com\/?page_id=3","og_locale":"fr_FR","og_type":"article","og_title":"Politique de confidentialit\u00e9 - marine-graphiste.com","og_description":"Qui suis-je&nbsp;? L\u2019adresse du site Web est : http:\/\/www.marine-graphiste.com Marine Lahogue1 bis, rue des B\u00e9n\u00e9dictins35500 Vitr\u00e9 06 14 93 00 58 marine.lahogue@gmail.com Siret : 505 230 664 00037 H\u00e9bergement :Trust Telecom SARL194 Av. du Camp de Menthe, 13090 Aix-en-Provence Utilisation des donn\u00e9es personnelles collect\u00e9es Formulaires de contact J\u2019utilise les informations transmises pour r\u00e9pondre \u00e0 votre [&hellip;]","og_url":"https:\/\/marine-graphiste.com\/?page_id=3","og_site_name":"marine-graphiste.com","article_modified_time":"2023-04-19T09:59:52+00:00","twitter_card":"summary_large_image","twitter_misc":{"Dur\u00e9e de lecture estim\u00e9e":"3 minutes"},"schema":{"@context":"https:\/\/schema.org","@graph":[{"@type":"WebPage","@id":"https:\/\/marine-graphiste.com\/?page_id=3","url":"https:\/\/marine-graphiste.com\/?page_id=3","name":"Politique de confidentialit\u00e9 - marine-graphiste.com","isPartOf":{"@id":"https:\/\/marine-graphiste.com\/#website"},"datePublished":"2023-04-06T07:46:29+00:00","dateModified":"2023-04-19T09:59:52+00:00","breadcrumb":{"@id":"https:\/\/marine-graphiste.com\/?page_id=3#breadcrumb"},"inLanguage":"fr-FR","potentialAction":[{"@type":"ReadAction","target":["https:\/\/marine-graphiste.com\/?page_id=3"]}]},{"@type":"BreadcrumbList","@id":"https:\/\/marine-graphiste.com\/?page_id=3#breadcrumb","itemListElement":[{"@type":"ListItem","position":1,"name":"Accueil","item":"https:\/\/marine-graphiste.com\/"},{"@type":"ListItem","position":2,"name":"Politique de confidentialit\u00e9"}]},{"@type":"WebSite","@id":"https:\/\/marine-graphiste.com\/#website","url":"https:\/\/marine-graphiste.com\/","name":"marine-graphiste.com","description":"","potentialAction":[{"@type":"SearchAction","target":{"@type":"EntryPoint","urlTemplate":"https:\/\/marine-graphiste.com\/?s={search_term_string}"},"query-input":"required name=search_term_string"}],"inLanguage":"fr-FR"}]}},"_links":{"self":[{"href":"https:\/\/marine-graphiste.com\/index.php?rest_route=\/wp\/v2\/pages\/3"}],"collection":[{"href":"https:\/\/marine-graphiste.com\/index.php?rest_route=\/wp\/v2\/pages"}],"about":[{"href":"https:\/\/marine-graphiste.com\/index.php?rest_route=\/wp\/v2\/types\/page"}],"author":[{"embeddable":true,"href":"https:\/\/marine-graphiste.com\/index.php?rest_route=\/wp\/v2\/users\/1"}],"replies":[{"embeddable":true,"href":"https:\/\/marine-graphiste.com\/index.php?rest_route=%2Fwp%2Fv2%2Fcomments&post=3"}],"version-history":[{"count":3,"href":"https:\/\/marine-graphiste.com\/index.php?rest_route=\/wp\/v2\/pages\/3\/revisions"}],"predecessor-version":[{"id":861,"href":"https:\/\/marine-graphiste.com\/index.php?rest_route=\/wp\/v2\/pages\/3\/revisions\/861"}],"wp:attachment":[{"href":"https:\/\/marine-graphiste.com\/index.php?rest_route=%2Fwp%2Fv2%2Fmedia&parent=3"}],"curies":[{"name":"wp","href":"https:\/\/api.w.org\/{rel}","templated":true}]}}